{"id":1363,"date":"2022-07-22T11:29:40","date_gmt":"2022-07-22T11:29:40","guid":{"rendered":"http:\/\/parcsaintecroix.com\/?page_id=1363"},"modified":"2026-02-13T09:55:53","modified_gmt":"2026-02-13T08:55:53","slug":"mentions-legales-et-credits","status":"publish","type":"page","link":"https:\/\/parcsaintecroix.com\/fr\/mentions-legales-et-credits","title":{"rendered":"Mentions l\u00e9gales et cr\u00e9dits"},"content":{"rendered":"\n<section  class=\"wp-block-acf-header-edito-page is-style-header-edito-page alignfull block-index-1 section-content section-header-edito-page\"   itemprop=\"hasPart\" itemscope itemtype=\"https:\/\/schema.org\/WebPageElement\">\n\n  <div class=\"breadcrumbs-wrapper\">\n      <div class=\"grid-container full breadcrumb-container\">\n    <div class=\"grid-x\">\n      <div class=\"cell\">\n        <div class=\"breadcrumbs\"><span><span><a href=\"https:\/\/parcsaintecroix.com\/fr\">Accueil<\/a><\/span>  <span class=\"breadcrumb_last\" aria-current=\"page\">Mentions l\u00e9gales et cr\u00e9dits<\/span><\/span>        <\/div>\n      <\/div>\n    <\/div>\n  <\/div>  <\/div>\n\n  \n    <figure>\n      <picture><source srcset=\"https:\/\/parcsaintecroix.com\/wp-content\/uploads\/2022\/09\/Edito-02b-2300x741-2fe90c197da5.jpg\" media=\"(min-width: 75rem) and (min-resolution: 192dpi), (min-width: 75rem) and (-webkit-min-device-pixel-ratio: 2)\"><source srcset=\"https:\/\/parcsaintecroix.com\/wp-content\/uploads\/2022\/09\/Edito-02b-2019x741-f4ce62a966e0.jpg\" media=\"(min-width: 64rem) and (min-resolution: 192dpi), (min-width: 64rem) and (-webkit-min-device-pixel-ratio: 2)\"><source srcset=\"https:\/\/parcsaintecroix.com\/wp-content\/uploads\/2022\/09\/Edito-02b-1366x1366-97a69d9a5c71.jpg\" media=\"(min-width: 48rem) and (min-resolution: 192dpi), (min-width: 48rem) and (-webkit-min-device-pixel-ratio: 2)\"><source srcset=\"https:\/\/parcsaintecroix.com\/wp-content\/uploads\/2022\/09\/Edito-02-Mobile-1366x2226-4755b5289b92.jpg\" media=\"(min-resolution: 192dpi), (-webkit-min-device-pixel-ratio: 2)\"><source srcset=\"https:\/\/parcsaintecroix.com\/wp-content\/uploads\/2022\/09\/Edito-02b-1366x440-6f5301f4f3cc.jpg\" media=\"(min-width: 75rem)\"><source srcset=\"https:\/\/parcsaintecroix.com\/wp-content\/uploads\/2022\/09\/Edito-02b-1199x440-aaa1a541a1d1.jpg\" media=\"(min-width: 64rem)\"><source srcset=\"https:\/\/parcsaintecroix.com\/wp-content\/uploads\/2022\/09\/Edito-02b-1023x1023-2a426e98586f.jpg\" media=\"(min-width: 48rem)\"><img decoding=\"async\" src=\"https:\/\/parcsaintecroix.com\/wp-content\/uploads\/2022\/09\/Edito-02-Mobile-767x1250-8e783b4c1964.jpg\" alt=\"\" style=\";--aspect-ratio-small: 0.6136;--aspect-ratio-medium: 1;--aspect-ratio-large: 2.725;--aspect-ratio-xlarge: 3.1045454545455;--aspect-ratio-retina: 0.6136;--aspect-ratio-medium_retina: 1;--aspect-ratio-large_retina: 2.725;--aspect-ratio-xlarge_retina: 3.1045454545455\" data-has-aspect-ratio=\"true\" \/><\/picture>    <\/figure>\n  \n  <div class=\"grid-container fluid\">\n    <div class=\"grid-x grid-padding-x align-center\">\n      <div class=\"cell medium-10 large-9 text-center\">\n\n                  <h1 class=\"page-title is-style-section-title-leafs\">\n            <span class=\"icon-leaf icon-leaf-left\">\n              <svg xmlns=\"http:\/\/www.w3.org\/2000\/svg\" viewBox=\"0 0 47 50\"><path data-name=\"Feuille gauche 1\" d=\"M21.933 50h-.109a1.117 1.117 0 0 1-.713-.345 1.111 1.111 0 0 1-.3-.846c.013-.2.389-4.9 5.247-9.007a15.467 15.467 0 0 1 6.678-3 23.594 23.594 0 0 1 3.732-.54 1.116 1.116 0 0 1 .9.384 1.11 1.11 0 0 1 .252.943c-.048.246-1.215 6.071-5.644 9.208a19.811 19.811 0 0 1-10.028 3.207Zm5.562-8.5a13.006 13.006 0 0 0-4.176 6.138 16.907 16.907 0 0 0 7.351-2.669 12.888 12.888 0 0 0 4.318-6.317C33 38.94 29.658 39.673 27.5 41.5Zm-7.362-.022a2.168 2.168 0 0 1-.8-.236 2.128 2.128 0 0 1-.889-2.873 2.131 2.131 0 0 1 2.875-.887 2.116 2.116 0 0 1 1.039 1.252 2.111 2.111 0 0 1-.15 1.619 2.127 2.127 0 0 1-1.882 1.132 1.36 1.36 0 0 1-.192-.006Zm.091-2.167a.106.106 0 0 0 .045.144.093.093 0 0 0 .083.008.111.111 0 0 0 .063-.052.124.124 0 0 0-.045-.146.128.128 0 0 0-.051-.011.107.107 0 0 0-.095.059Zm25.561-2.365-.061-.006a43.557 43.557 0 0 1-13.682-4.756 32.4 32.4 0 0 1-7.829-5.625 32.108 32.108 0 0 1-3.877-1.585 39.541 39.541 0 0 1-9.366-6.29 26.357 26.357 0 0 1-5.771-8.037 30.986 30.986 0 0 1-1.783-4.416 1.118 1.118 0 0 1 .267-1.09 1.127 1.127 0 0 1 1.08-.307 34.1 34.1 0 0 1 4.85 1.744 29.668 29.668 0 0 1 8.961 5.9 31.627 31.627 0 0 1 5.817 8.487 30.783 30.783 0 0 1 1.716 4.336 31.746 31.746 0 0 0 7 4.914 41.3 41.3 0 0 0 12.947 4.512 1.118 1.118 0 0 1 .938 1.271 1.122 1.122 0 0 1-1.105.949.389.389 0 0 1-.102.001ZM12.474 17.032a37.255 37.255 0 0 0 10.717 6.763 30.567 30.567 0 0 0-6.207-9.746 29.519 29.519 0 0 0-10.666-6.38 26.749 26.749 0 0 0 6.156 9.365Zm5.759 18.139a25.017 25.017 0 0 1-4.552-.816C6.797 32.429.64 27.111.381 26.885a1.121 1.121 0 0 1-.339-1.151 1.125 1.125 0 0 1 .9-.793 36.728 36.728 0 0 1 14.076.99c6.194 1.783 12.941 6.213 13.226 6.4a1.121 1.121 0 0 1 .49 1.089 1.123 1.123 0 0 1-.775.908 24.539 24.539 0 0 1-4.37.8c-.972.1-1.948.147-2.916.147a26.03 26.03 0 0 1-2.439-.102ZM4.065 26.922a34.776 34.776 0 0 0 10.219 5.283 25.557 25.557 0 0 0 10.361.538 49.664 49.664 0 0 0-10.243-4.669 32.7 32.7 0 0 0-8.912-1.18c-.507.006-.984.013-1.425.031Zm35.194 2.089h-.006c-.025 0-.117-.017-.142-.022a1.115 1.115 0 0 1-.739-.562 9.995 9.995 0 0 1-.679-6.827c.749-2.841 4.225-6.4 4.373-6.549a1.106 1.106 0 0 1 1.124-.286 1.116 1.116 0 0 1 .773.868c.094.52.893 5.169-.148 8.094a12.134 12.134 0 0 1-3.79 5.068 1.112 1.112 0 0 1-.668.222.814.814 0 0 1-.098-.003Zm.595-6.844a7.691 7.691 0 0 0-.015 3.762 8.881 8.881 0 0 0 1.871-2.951 12.267 12.267 0 0 0 .34-4.523 11.639 11.639 0 0 0-2.196 3.715Zm-8.787 4.441h-.01c-.019 0-.1-.015-.123-.02-.395-.084-.661-.3-1.389-1.333a20.877 20.877 0 0 1-1.534-2.582 21.654 21.654 0 0 1-2.339-9.007 19.981 19.981 0 0 1 2.217-9.417A21.224 21.224 0 0 1 30.289.4a1.123 1.123 0 0 1 .805-.4 1.155 1.155 0 0 1 .841.321 14.344 14.344 0 0 1 2.578 3.991 21.87 21.87 0 0 1 1.666 11.472 26.88 26.88 0 0 1-4.136 10.411 1.124 1.124 0 0 1-.875.419c-.036.001-.068-.001-.101-.003ZM29.88 5.262a18.118 18.118 0 0 0-1.974 8.339 19.522 19.522 0 0 0 3.184 9.938 25.765 25.765 0 0 0 2.863-8 18.545 18.545 0 0 0-2.762-12.58 22.039 22.039 0 0 0-1.311 2.307Z\" fill=\"currentColor\"\/><\/svg>            <\/span>\n\n            <variable-width>\n              Mentions l\u00e9gales et cr\u00e9dits            <\/variable-width>\n\n            <span class=\"icon-leaf icon-leaf-right\">\n              <svg xmlns=\"http:\/\/www.w3.org\/2000\/svg\" viewBox=\"0 0 47 50\"><path data-name=\"Feuille droite 1\" d=\"M25.062 50a19.814 19.814 0 0 1-10.027-3.208c-4.43-3.137-5.6-8.962-5.644-9.208a1.113 1.113 0 0 1 .251-.943 1.119 1.119 0 0 1 .9-.383 23.659 23.659 0 0 1 3.732.54 15.464 15.464 0 0 1 6.678 3c4.858 4.108 5.233 8.81 5.246 9.007a1.113 1.113 0 0 1-.3.846 1.12 1.12 0 0 1-.714.345h-.109Zm-8.734-5.029a16.914 16.914 0 0 0 7.352 2.669 13 13 0 0 0-4.176-6.138c-2.163-1.83-5.509-2.563-7.493-2.847a12.891 12.891 0 0 0 4.317 6.316Zm8.47-4.616a2.108 2.108 0 0 1-.151-1.619 2.119 2.119 0 0 1 1.039-1.252 2.13 2.13 0 0 1 2.874.887 2.126 2.126 0 0 1-.888 2.872 2.173 2.173 0 0 1-.8.237q-.093.008-.186.008a2.126 2.126 0 0 1-1.886-1.133Zm1.83-1.087a.123.123 0 0 0-.044.146.109.109 0 0 0 .063.052.1.1 0 0 0 .083-.008.106.106 0 0 0 .045-.145.109.109 0 0 0-.1-.058.12.12 0 0 0-.047.013ZM.012 36a1.117 1.117 0 0 1 .938-1.271 41.293 41.293 0 0 0 12.947-4.512 31.786 31.786 0 0 0 7-4.914 30.545 30.545 0 0 1 1.715-4.336 31.648 31.648 0 0 1 5.817-8.488 29.682 29.682 0 0 1 8.962-5.9 34.138 34.138 0 0 1 4.85-1.744 1.12 1.12 0 0 1 1.079.308 1.116 1.116 0 0 1 .267 1.09 30.926 30.926 0 0 1-1.783 4.415 26.35 26.35 0 0 1-5.771 8.037 39.592 39.592 0 0 1-9.366 6.291 32.082 32.082 0 0 1-3.876 1.584 32.394 32.394 0 0 1-7.829 5.625 43.56 43.56 0 0 1-13.683 4.756l-.06.006h-.1A1.12 1.12 0 0 1 .012 36Zm30-21.952a30.579 30.579 0 0 0-6.207 9.745 37.238 37.238 0 0 0 10.716-6.763 26.754 26.754 0 0 0 6.157-9.362 29.508 29.508 0 0 0-10.663 6.384Zm-6.608 21.079a24.358 24.358 0 0 1-4.37-.8 1.124 1.124 0 0 1-.775-.908 1.121 1.121 0 0 1 .49-1.089c.285-.188 7.033-4.618 13.227-6.4a36.676 36.676 0 0 1 14.075-.99 1.123 1.123 0 0 1 .9.793 1.119 1.119 0 0 1-.339 1.151c-.258.226-6.414 5.545-13.3 7.471a25.092 25.092 0 0 1-4.552.816c-.806.07-1.623.106-2.444.106a29.046 29.046 0 0 1-2.909-.146Zm9.19-7.054a49.692 49.692 0 0 0-10.243 4.668 25.539 25.539 0 0 0 10.361-.538 34.792 34.792 0 0 0 10.22-5.282c-.442-.017-.92-.028-1.429-.028a32.681 32.681 0 0 0-8.903 1.184Zm-25.622.719a12.132 12.132 0 0 1-3.79-5.068c-1.04-2.924-.241-7.573-.147-8.094a1.115 1.115 0 0 1 .772-.868 1.107 1.107 0 0 1 1.125.286c.147.149 3.624 3.708 4.372 6.549a10 10 0 0 1-.678 6.827 1.113 1.113 0 0 1-.739.561 1.677 1.677 0 0 1-.142.022h-.006a.892.892 0 0 1-.1 0 1.116 1.116 0 0 1-.664-.207Zm-1.685-5.815a8.908 8.908 0 0 0 1.871 2.951 7.688 7.688 0 0 0-.015-3.763 11.634 11.634 0 0 0-2.2-3.713 12.314 12.314 0 0 0 .347 4.529Zm9.672 3.215a26.866 26.866 0 0 1-4.136-10.41A21.868 21.868 0 0 1 12.489 4.31 14.358 14.358 0 0 1 15.067.318a1.155 1.155 0 0 1 .842-.321 1.123 1.123 0 0 1 .805.4 21.225 21.225 0 0 1 2.4 3.848 19.967 19.967 0 0 1 2.217 9.417 21.674 21.674 0 0 1-2.337 9.006 20.9 20.9 0 0 1-1.535 2.582c-.728 1.034-.995 1.248-1.389 1.333-.02 0-.1.017-.123.02h-.111a1.123 1.123 0 0 1-.874-.403Zm-1.913-10.65a25.75 25.75 0 0 0 2.862 8 19.526 19.526 0 0 0 3.183-9.938 18.1 18.1 0 0 0-1.975-8.338 21.833 21.833 0 0 0-1.31-2.3 18.539 18.539 0 0 0-2.757 12.581Z\" fill=\"currentColor\"\/><\/svg>            <\/span>\n          <\/h1>\n        \n        <div class=\"page-descr\">\n\n<p><\/p>\n\n<\/div>\n      <\/div>\n    <\/div>\n  <\/div>\n<\/section>\n\n\n<section class=\"block-grid-wrapper block-grid-for-core-heading\">\n      <div class=\"default-editor-content grid-for-core-heading grid-container fluid fluid\">\n        <div class=\"grid-x grid-padding-x align-center\">\n          <div class=\"cell\">\n            \n<h2 class=\"wp-block-heading\"><strong>\u00c9diteur du Site<\/strong><\/h2>\n          <\/div>\n        <\/div>\n      <\/div>\n\n      <\/section>\n\n<section class=\"block-grid-wrapper block-grid-for-core-paragraph\">\n      <div class=\"default-editor-content grid-for-core-paragraph grid-container fluid fluid\">\n        <div class=\"grid-x grid-padding-x align-center\">\n          <div class=\"cell\">\n            \n<p>Raison sociale : <strong>Parc animalier de Sainte-Croix<\/strong><\/p>\n          <\/div>\n        <\/div>\n      <\/div>\n\n      <\/section>\n\n<section class=\"block-grid-wrapper block-grid-for-core-paragraph\">\n      <div class=\"default-editor-content grid-for-core-paragraph grid-container fluid fluid\">\n        <div class=\"grid-x grid-padding-x align-center\">\n          <div class=\"cell\">\n            \n<p>Adresse : 57 810 Rhodes- France<\/p>\n          <\/div>\n        <\/div>\n      <\/div>\n\n      <\/section>\n\n<section class=\"block-grid-wrapper block-grid-for-core-paragraph\">\n      <div class=\"default-editor-content grid-for-core-paragraph grid-container fluid fluid\">\n        <div class=\"grid-x grid-padding-x align-center\">\n          <div class=\"cell\">\n            \n<p>Num\u00e9ro SIREN : 349 718 130, RCS de Metz<\/p>\n          <\/div>\n        <\/div>\n      <\/div>\n\n      <\/section>\n\n<section class=\"block-grid-wrapper block-grid-for-core-paragraph\">\n      <div class=\"default-editor-content grid-for-core-paragraph grid-container fluid fluid\">\n        <div class=\"grid-x grid-padding-x align-center\">\n          <div class=\"cell\">\n            \n<p>Courriel : info@parcsaintecroix.com<br>Num\u00e9ro de t\u00e9l\u00e9phone : +33 3 87 03 92 05<\/p>\n          <\/div>\n        <\/div>\n      <\/div>\n\n      <\/section>\n\n<section class=\"block-grid-wrapper block-grid-for-core-heading\">\n      <div class=\"default-editor-content grid-for-core-heading grid-container fluid fluid\">\n        <div class=\"grid-x grid-padding-x align-center\">\n          <div class=\"cell\">\n            \n<h2 class=\"wp-block-heading\"><strong>Conception et r\u00e9alisation<\/strong><\/h2>\n          <\/div>\n        <\/div>\n      <\/div>\n\n      <\/section>\n\n<section class=\"block-grid-wrapper block-grid-for-core-paragraph\">\n      <div class=\"default-editor-content grid-for-core-paragraph grid-container fluid fluid\">\n        <div class=\"grid-x grid-padding-x align-center\">\n          <div class=\"cell\">\n            \n<p><strong>Smart Impact<\/strong><br>Agence digitale e-commerce<\/p>\n          <\/div>\n        <\/div>\n      <\/div>\n\n      <\/section>\n\n<section class=\"block-grid-wrapper block-grid-for-core-paragraph\">\n      <div class=\"default-editor-content grid-for-core-paragraph grid-container fluid fluid\">\n        <div class=\"grid-x grid-padding-x align-center\">\n          <div class=\"cell\">\n            \n<p>2 place R\u00e9n\u00e9 Bouhier<br>44100 NANTES<br>T\u00e9l. : +33 (0)2 40 31 45 86<br><a href=\"http:\/\/www.smartimpact.fr\" target=\"_blank\" rel=\"noreferrer noopener\">www.smartimpact.fr<\/a><\/p>\n          <\/div>\n        <\/div>\n      <\/div>\n\n      <\/section>\n\n<section class=\"block-grid-wrapper block-grid-for-core-heading\">\n      <div class=\"default-editor-content grid-for-core-heading grid-container fluid fluid\">\n        <div class=\"grid-x grid-padding-x align-center\">\n          <div class=\"cell\">\n            \n<h2 class=\"wp-block-heading\"><strong>H\u00e9bergement du Site<\/strong><\/h2>\n          <\/div>\n        <\/div>\n      <\/div>\n\n      <\/section>\n\n<section class=\"block-grid-wrapper block-grid-for-core-paragraph\">\n      <div class=\"default-editor-content grid-for-core-paragraph grid-container fluid fluid\">\n        <div class=\"grid-x grid-padding-x align-center\">\n          <div class=\"cell\">\n            \n<p><strong>Infomaniak<\/strong><br>Rue Eug\u00e8ne-Marziano 25,<br>1227 Gen\u00e8ve, Suisse<\/p>\n          <\/div>\n        <\/div>\n      <\/div>\n\n      <\/section>\n\n<section class=\"block-grid-wrapper block-grid-for-core-heading\">\n      <div class=\"default-editor-content grid-for-core-heading grid-container fluid fluid\">\n        <div class=\"grid-x grid-padding-x align-center\">\n          <div class=\"cell\">\n            \n<h2 class=\"wp-block-heading\"><strong>Accompagnement webmarketing<\/strong><\/h2>\n          <\/div>\n        <\/div>\n      <\/div>\n\n      <\/section>\n\n<section class=\"block-grid-wrapper block-grid-for-core-paragraph\">\n      <div class=\"default-editor-content grid-for-core-paragraph grid-container fluid fluid\">\n        <div class=\"grid-x grid-padding-x align-center\">\n          <div class=\"cell\">\n            \n<p><strong>AGAT<\/strong><\/p>\n          <\/div>\n        <\/div>\n      <\/div>\n\n      <\/section>\n\n<section class=\"block-grid-wrapper block-grid-for-core-paragraph\">\n      <div class=\"default-editor-content grid-for-core-paragraph grid-container fluid fluid\">\n        <div class=\"grid-x grid-padding-x align-center\">\n          <div class=\"cell\">\n            \n<p>17d Rue de Molsheim,<br>67000 Strasbourg<\/p>\n          <\/div>\n        <\/div>\n      <\/div>\n\n      <\/section>\n\n<section class=\"block-grid-wrapper block-grid-for-core-heading\">\n      <div class=\"default-editor-content grid-for-core-heading grid-container fluid fluid\">\n        <div class=\"grid-x grid-padding-x align-center\">\n          <div class=\"cell\">\n            \n<h2 class=\"wp-block-heading\"><strong>Traitement des donn\u00e9es<\/strong><\/h2>\n          <\/div>\n        <\/div>\n      <\/div>\n\n      <\/section>\n\n<section class=\"block-grid-wrapper block-grid-for-core-paragraph\">\n      <div class=\"default-editor-content grid-for-core-paragraph grid-container fluid fluid\">\n        <div class=\"grid-x grid-padding-x align-center\">\n          <div class=\"cell\">\n            \n<p>Les donn\u00e9es que vous nous confiez dans le cadre de l\u2019utilisation de notre site sont trait\u00e9es par le Parc Animalier de Sainte-Croix \u00e0 des fins de gestion technique, d\u2019analyse et de statistique, et, sur la base de votre consentement explicite, de communication et de marketing. Vous disposez des droits d\u2019acc\u00e8s, de rectification, d\u2019opposition, d\u2019effacement et \u00e0 la portabilit\u00e9, que vous pouvez exercer en adressant votre demande \u00e0 l\u2019adresse suivante : <a href=\"mailto:rgpd@parcsaintecroix.com\">rgpd@parcsaintecroix.com<\/a>. Pour plus de renseignements, nous vous invitons \u00e0 consulter notre politique de protection des donn\u00e9es \u00e0 caract\u00e8re personnel.<\/p>\n          <\/div>\n        <\/div>\n      <\/div>\n\n      <\/section>\n\n<section class=\"block-grid-wrapper block-grid-for-core-heading\">\n      <div class=\"default-editor-content grid-for-core-heading grid-container fluid fluid\">\n        <div class=\"grid-x grid-padding-x align-center\">\n          <div class=\"cell\">\n            \n<h2 class=\"wp-block-heading\"><strong>Propri\u00e9t\u00e9 intellectuelle<\/strong><\/h2>\n          <\/div>\n        <\/div>\n      <\/div>\n\n      <\/section>\n\n<section class=\"block-grid-wrapper block-grid-for-core-paragraph\">\n      <div class=\"default-editor-content grid-for-core-paragraph grid-container fluid fluid\">\n        <div class=\"grid-x grid-padding-x align-center\">\n          <div class=\"cell\">\n            \n<p>Les photographies, textes, slogans, dessins, images, s\u00e9quences anim\u00e9es sonores ou non ainsi que toutes les \u0153uvres int\u00e9gr\u00e9es dans le site sont la propri\u00e9t\u00e9 de l\u2019\u00e9diteur du site ou de tiers ayant autoris\u00e9 l\u2019\u00e9diteur du site \u00e0 les utiliser. Toute reproduction totale ou partielle de ces \u00e9l\u00e9ments sans l\u2019autorisation expresse de l\u2019exploitant du site Internet ou de ses ayants droit est prohib\u00e9e, au sens de l\u2019article L713-2 du CPI.<\/p>\n          <\/div>\n        <\/div>\n      <\/div>\n\n      <\/section>\n\n<section class=\"block-grid-wrapper block-grid-for-core-heading\">\n      <div class=\"default-editor-content grid-for-core-heading grid-container fluid fluid\">\n        <div class=\"grid-x grid-padding-x align-center\">\n          <div class=\"cell\">\n            \n<h2 class=\"wp-block-heading\"><strong>Fiches signal\u00e9tiques animaux<\/strong><\/h2>\n          <\/div>\n        <\/div>\n      <\/div>\n\n      <\/section>\n\n<section class=\"block-grid-wrapper block-grid-for-core-paragraph\">\n      <div class=\"default-editor-content grid-for-core-paragraph grid-container fluid fluid\">\n        <div class=\"grid-x grid-padding-x align-center\">\n          <div class=\"cell\">\n            \n<p>Studio poisson pilote<\/p>\n          <\/div>\n        <\/div>\n      <\/div>\n\n      <\/section>","protected":false},"excerpt":{"rendered":"<p>\u00c9diteur du Site Raison sociale : Parc animalier de Sainte-Croix Adresse : 57 810 Rhodes- France Num\u00e9ro SIREN : 349 718 130, RCS de Metz Courriel : info@parcsaintecroix.comNum\u00e9ro de t\u00e9l\u00e9phone : +33 3 87 03 92 05 Conception et r\u00e9alisation Smart ImpactAgence digitale e-commerce 2 place R\u00e9n\u00e9 Bouhier44100 NANTEST\u00e9l. : +33 (0)2 40 31 45 [&hellip;]<\/p>\n","protected":false},"author":1,"featured_media":0,"parent":0,"menu_order":20,"comment_status":"closed","ping_status":"closed","template":"","meta":{"_acf_changed":false,"_themeisle_gutenberg_block_has_review":false,"footnotes":""},"class_list":["post-1363","page","type-page","status-publish","hentry"],"acf":[],"yoast_head":"<!-- This site is optimized with the Yoast SEO plugin v27.3 - https:\/\/yoast.com\/product\/yoast-seo-wordpress\/ -->\n<title>Mentions l\u00e9gales et cr\u00e9dits | Parc Animalier de Sainte-Croix<\/title>\n<meta name=\"description\" content=\"Prendre connaissance de nos mentions l\u00e9gales et cr\u00e9dits.\" \/>\n<meta name=\"robots\" content=\"index, follow, max-snippet:-1, max-image-preview:large, max-video-preview:-1\" \/>\n<link rel=\"canonical\" href=\"https:\/\/parcsaintecroix.com\/fr\/mentions-legales-et-credits\" \/>\n<meta property=\"og:locale\" content=\"fr_FR\" \/>\n<meta property=\"og:type\" content=\"article\" \/>\n<meta property=\"og:title\" content=\"Mentions l\u00e9gales et cr\u00e9dits | Parc Animalier de Sainte-Croix\" \/>\n<meta property=\"og:description\" content=\"Prendre connaissance de nos mentions l\u00e9gales et cr\u00e9dits.\" \/>\n<meta property=\"og:url\" content=\"https:\/\/parcsaintecroix.com\/fr\/mentions-legales-et-credits\" \/>\n<meta property=\"og:site_name\" content=\"Parc de Saint Croix\" \/>\n<meta property=\"article:publisher\" content=\"https:\/\/www.facebook.com\/LodgesSainteCroix\/\" \/>\n<meta property=\"article:modified_time\" content=\"2026-02-13T08:55:53+00:00\" \/>\n<meta name=\"twitter:card\" content=\"summary_large_image\" \/>\n<meta name=\"twitter:site\" content=\"@parc_stecroix\" \/>\n<meta name=\"twitter:label1\" content=\"Dur\u00e9e de lecture estim\u00e9e\" \/>\n\t<meta name=\"twitter:data1\" content=\"2 minutes\" \/>\n<script type=\"application\/ld+json\" class=\"yoast-schema-graph\">{\"@context\":\"https:\\\/\\\/schema.org\",\"@graph\":[{\"@type\":\"WebPage\",\"@id\":\"https:\\\/\\\/parcsaintecroix.com\\\/fr\\\/mentions-legales-et-credits\",\"url\":\"https:\\\/\\\/parcsaintecroix.com\\\/fr\\\/mentions-legales-et-credits\",\"name\":\"Mentions l\u00e9gales et cr\u00e9dits | Parc Animalier de Sainte-Croix\",\"isPartOf\":{\"@id\":\"https:\\\/\\\/parcsaintecroix.com\\\/fr\\\/#website\"},\"datePublished\":\"2022-07-22T11:29:40+00:00\",\"dateModified\":\"2026-02-13T08:55:53+00:00\",\"description\":\"Prendre connaissance de nos mentions l\u00e9gales et cr\u00e9dits.\",\"breadcrumb\":{\"@id\":\"https:\\\/\\\/parcsaintecroix.com\\\/fr\\\/mentions-legales-et-credits#breadcrumb\"},\"inLanguage\":\"fr-FR\",\"potentialAction\":[{\"@type\":\"ReadAction\",\"target\":[\"https:\\\/\\\/parcsaintecroix.com\\\/fr\\\/mentions-legales-et-credits\"]}]},{\"@type\":\"BreadcrumbList\",\"@id\":\"https:\\\/\\\/parcsaintecroix.com\\\/fr\\\/mentions-legales-et-credits#breadcrumb\",\"itemListElement\":[{\"@type\":\"ListItem\",\"position\":1,\"name\":\"Accueil\",\"item\":\"https:\\\/\\\/parcsaintecroix.com\\\/fr\"},{\"@type\":\"ListItem\",\"position\":2,\"name\":\"Mentions l\u00e9gales et cr\u00e9dits\"}]},{\"@type\":\"WebSite\",\"@id\":\"https:\\\/\\\/parcsaintecroix.com\\\/fr\\\/#website\",\"url\":\"https:\\\/\\\/parcsaintecroix.com\\\/fr\\\/\",\"name\":\"Parc de Saint Croix\",\"description\":\"\",\"publisher\":{\"@id\":\"https:\\\/\\\/parcsaintecroix.com\\\/fr\\\/#organization\"},\"inLanguage\":\"fr-FR\"},{\"@type\":\"Organization\",\"@id\":\"https:\\\/\\\/parcsaintecroix.com\\\/fr\\\/#organization\",\"name\":\"Parc de Saint Croix\",\"url\":\"https:\\\/\\\/parcsaintecroix.com\\\/fr\\\/\",\"logo\":{\"@type\":\"ImageObject\",\"inLanguage\":\"fr-FR\",\"@id\":\"https:\\\/\\\/parcsaintecroix.com\\\/fr\\\/#\\\/schema\\\/logo\\\/image\\\/\",\"url\":\"https:\\\/\\\/parcsaintecroix.com\\\/wp-content\\\/uploads\\\/2022\\\/09\\\/SainteCroix-Favicon.png\",\"contentUrl\":\"https:\\\/\\\/parcsaintecroix.com\\\/wp-content\\\/uploads\\\/2022\\\/09\\\/SainteCroix-Favicon.png\",\"width\":512,\"height\":512,\"caption\":\"Parc de Saint Croix\"},\"image\":{\"@id\":\"https:\\\/\\\/parcsaintecroix.com\\\/fr\\\/#\\\/schema\\\/logo\\\/image\\\/\"},\"sameAs\":[\"https:\\\/\\\/www.facebook.com\\\/LodgesSainteCroix\\\/\",\"https:\\\/\\\/x.com\\\/parc_stecroix\"]}]}<\/script>\n<!-- \/ Yoast SEO plugin. -->","yoast_head_json":{"title":"Mentions l\u00e9gales et cr\u00e9dits | Parc Animalier de Sainte-Croix","description":"Prendre connaissance de nos mentions l\u00e9gales et cr\u00e9dits.","robots":{"index":"index","follow":"follow","max-snippet":"max-snippet:-1","max-image-preview":"max-image-preview:large","max-video-preview":"max-video-preview:-1"},"canonical":"https:\/\/parcsaintecroix.com\/fr\/mentions-legales-et-credits","og_locale":"fr_FR","og_type":"article","og_title":"Mentions l\u00e9gales et cr\u00e9dits | Parc Animalier de Sainte-Croix","og_description":"Prendre connaissance de nos mentions l\u00e9gales et cr\u00e9dits.","og_url":"https:\/\/parcsaintecroix.com\/fr\/mentions-legales-et-credits","og_site_name":"Parc de Saint Croix","article_publisher":"https:\/\/www.facebook.com\/LodgesSainteCroix\/","article_modified_time":"2026-02-13T08:55:53+00:00","twitter_card":"summary_large_image","twitter_site":"@parc_stecroix","twitter_misc":{"Dur\u00e9e de lecture estim\u00e9e":"2 minutes"},"schema":{"@context":"https:\/\/schema.org","@graph":[{"@type":"WebPage","@id":"https:\/\/parcsaintecroix.com\/fr\/mentions-legales-et-credits","url":"https:\/\/parcsaintecroix.com\/fr\/mentions-legales-et-credits","name":"Mentions l\u00e9gales et cr\u00e9dits | Parc Animalier de Sainte-Croix","isPartOf":{"@id":"https:\/\/parcsaintecroix.com\/fr\/#website"},"datePublished":"2022-07-22T11:29:40+00:00","dateModified":"2026-02-13T08:55:53+00:00","description":"Prendre connaissance de nos mentions l\u00e9gales et cr\u00e9dits.","breadcrumb":{"@id":"https:\/\/parcsaintecroix.com\/fr\/mentions-legales-et-credits#breadcrumb"},"inLanguage":"fr-FR","potentialAction":[{"@type":"ReadAction","target":["https:\/\/parcsaintecroix.com\/fr\/mentions-legales-et-credits"]}]},{"@type":"BreadcrumbList","@id":"https:\/\/parcsaintecroix.com\/fr\/mentions-legales-et-credits#breadcrumb","itemListElement":[{"@type":"ListItem","position":1,"name":"Accueil","item":"https:\/\/parcsaintecroix.com\/fr"},{"@type":"ListItem","position":2,"name":"Mentions l\u00e9gales et cr\u00e9dits"}]},{"@type":"WebSite","@id":"https:\/\/parcsaintecroix.com\/fr\/#website","url":"https:\/\/parcsaintecroix.com\/fr\/","name":"Parc de Saint Croix","description":"","publisher":{"@id":"https:\/\/parcsaintecroix.com\/fr\/#organization"},"inLanguage":"fr-FR"},{"@type":"Organization","@id":"https:\/\/parcsaintecroix.com\/fr\/#organization","name":"Parc de Saint Croix","url":"https:\/\/parcsaintecroix.com\/fr\/","logo":{"@type":"ImageObject","inLanguage":"fr-FR","@id":"https:\/\/parcsaintecroix.com\/fr\/#\/schema\/logo\/image\/","url":"https:\/\/parcsaintecroix.com\/wp-content\/uploads\/2022\/09\/SainteCroix-Favicon.png","contentUrl":"https:\/\/parcsaintecroix.com\/wp-content\/uploads\/2022\/09\/SainteCroix-Favicon.png","width":512,"height":512,"caption":"Parc de Saint Croix"},"image":{"@id":"https:\/\/parcsaintecroix.com\/fr\/#\/schema\/logo\/image\/"},"sameAs":["https:\/\/www.facebook.com\/LodgesSainteCroix\/","https:\/\/x.com\/parc_stecroix"]}]}},"_links":{"self":[{"href":"https:\/\/parcsaintecroix.com\/fr\/wp-json\/wp\/v2\/pages\/1363","targetHints":{"allow":["GET"]}}],"collection":[{"href":"https:\/\/parcsaintecroix.com\/fr\/wp-json\/wp\/v2\/pages"}],"about":[{"href":"https:\/\/parcsaintecroix.com\/fr\/wp-json\/wp\/v2\/types\/page"}],"author":[{"embeddable":true,"href":"https:\/\/parcsaintecroix.com\/fr\/wp-json\/wp\/v2\/users\/1"}],"replies":[{"embeddable":true,"href":"https:\/\/parcsaintecroix.com\/fr\/wp-json\/wp\/v2\/comments?post=1363"}],"version-history":[{"count":12,"href":"https:\/\/parcsaintecroix.com\/fr\/wp-json\/wp\/v2\/pages\/1363\/revisions"}],"predecessor-version":[{"id":40679,"href":"https:\/\/parcsaintecroix.com\/fr\/wp-json\/wp\/v2\/pages\/1363\/revisions\/40679"}],"wp:attachment":[{"href":"https:\/\/parcsaintecroix.com\/fr\/wp-json\/wp\/v2\/media?parent=1363"}],"curies":[{"name":"wp","href":"https:\/\/api.w.org\/{rel}","templated":true}]}}