{"id":3435,"date":"2022-09-06T10:41:29","date_gmt":"2022-09-06T10:41:29","guid":{"rendered":"http:\/\/parcsaintecroix.com\/?page_id=3435"},"modified":"2024-07-12T14:21:10","modified_gmt":"2024-07-12T12:21:10","slug":"collaborer","status":"publish","type":"page","link":"https:\/\/parcsaintecroix.com\/fr\/engagez-vous\/collaborer","title":{"rendered":"Collaborer pour la biodiversit\u00e9"},"content":{"rendered":"\n<section  class=\"wp-block-acf-header-universe-page is-style-header-univers alignfull block-index-2 section-content section-universe-header overlay-\"  itemprop=\"hasPart\" itemscope itemtype=\"https:\/\/schema.org\/WebPageElement\">\n  \n    <figure>\n      <picture><source srcset=\"https:\/\/parcsaintecroix.com\/wp-content\/uploads\/2024\/07\/ABD-safari-train-cp-margaux-c-scaled-2560x1224-afb59c8dbaf4.jpg\" media=\"(min-width: 75rem) and (min-resolution: 192dpi), (min-width: 75rem) and (-webkit-min-device-pixel-ratio: 2)\"><source srcset=\"https:\/\/parcsaintecroix.com\/wp-content\/uploads\/2024\/07\/ABD-safari-train-cp-margaux-c-scaled-2560x1237-d91996a53c6c.jpg\" media=\"(min-width: 64rem) and (min-resolution: 192dpi), (min-width: 64rem) and (-webkit-min-device-pixel-ratio: 2)\"><source srcset=\"https:\/\/parcsaintecroix.com\/wp-content\/uploads\/2024\/07\/ABD-safari-train-cp-margaux-c-scaled-2046x984-a19bf39293c6.jpg\" media=\"(min-width: 48rem) and (min-resolution: 192dpi), (min-width: 48rem) and (-webkit-min-device-pixel-ratio: 2)\"><source srcset=\"https:\/\/parcsaintecroix.com\/wp-content\/uploads\/2024\/07\/ABD-safari-train-cp-margaux-c-scaled-750x1042-33adebebd6d0.jpg\" media=\"(min-resolution: 192dpi), (-webkit-min-device-pixel-ratio: 2)\"><source srcset=\"https:\/\/parcsaintecroix.com\/wp-content\/uploads\/2024\/07\/ABD-safari-train-cp-margaux-c-scaled-1920x918-5cd586cefa8e.jpg\" media=\"(min-width: 75rem)\"><source srcset=\"https:\/\/parcsaintecroix.com\/wp-content\/uploads\/2024\/07\/ABD-safari-train-cp-margaux-c-scaled-1366x660-00208be4419c.jpg\" media=\"(min-width: 64rem)\"><source srcset=\"https:\/\/parcsaintecroix.com\/wp-content\/uploads\/2024\/07\/ABD-safari-train-cp-margaux-c-scaled-1023x492-a4fdf6d657aa.jpg\" media=\"(min-width: 48rem)\"><img decoding=\"async\" src=\"https:\/\/parcsaintecroix.com\/wp-content\/uploads\/2024\/07\/ABD-safari-train-cp-margaux-c-scaled-750x1042-1a52b0ae9902.jpg\" alt=\"\" style=\";--aspect-ratio-small: 0.71976967370441;--aspect-ratio-medium: 2.0792682926829;--aspect-ratio-large: 2.069696969697;--aspect-ratio-xlarge: 2.0915032679739;--aspect-ratio-retina: 0.71976967370441;--aspect-ratio-medium_retina: 2.0792682926829;--aspect-ratio-large_retina: 2.069696969697;--aspect-ratio-xlarge_retina: 2.0915032679739\" data-has-aspect-ratio=\"true\" \/><\/picture>    <\/figure>\n  \n  <div class=\"breadcrumbs-wrapper\" style=\"--color: ;\">\n      <div class=\"grid-container full breadcrumb-container\">\n    <div class=\"grid-x\">\n      <div class=\"cell\">\n        <div class=\"breadcrumbs\"><span><span><a href=\"https:\/\/parcsaintecroix.com\/fr\">Accueil<\/a><\/span>  <span><a href=\"https:\/\/parcsaintecroix.com\/fr\/engagez-vous\">Engagez-vous<\/a><\/span>  <span class=\"breadcrumb_last\" aria-current=\"page\">Collaborer pour la biodiversit\u00e9<\/span><\/span>        <\/div>\n      <\/div>\n    <\/div>\n  <\/div>  <\/div>\n\n  <div class=\"grid-container fluid\">\n    <div class=\"grid-x grid-padding-x\">\n      <div class=\"cell medium-10 large-9 wrapper\">\n\n\n        <div class=\"bordered-header\">\n          \n\n<h2 class=\"wp-block-heading has-white-color has-text-color has-link-color wp-elements-832b06c0354e8e47a7ace5d77c160365\">Travailler ensemble pour la biodiversit\u00e9<\/h2>\n\n\n\n<p class=\"has-white-color has-text-color has-link-color wp-elements-3eca7a8636cdee88659f57be24c2a198\">Le lien \u00e9troit que Sainte-Croix entretient avec ses nombreux partenaires strat\u00e9giques est une v\u00e9ritable force pour agir sur la sauvegarde de notre environnement.<\/p>\n\n        <\/div>\n      <\/div>\n    <\/div>\n  <\/div>\n<\/section>\n\n\n<section  class=\"wp-block-acf-text-image-v2 is-style-text-img-v2 alignfull block-index-5 section-content section-text-image-v2\"   itemprop=\"hasPart\" itemscope itemtype=\"https:\/\/schema.org\/WebPageElement\">\n  <div class=\"grid-container full\">\n    <div class=\"grid-x grid-padding-x align-middle\">\n      <div class=\"cell medium-6 cell-image medium-order-1\">\n                  <figure>\n            <picture><source srcset=\"data:image\/svg+xml;base64,PHN2ZyB4bWxucz0naHR0cDovL3d3dy53My5vcmcvMjAwMC9zdmcnIHk9JzAnIHg9JzAnIHdpZHRoPScyNTYwJyBoZWlnaHQ9JzE0NDAnIHZpZXdCb3g9JzAgMCAyNTYwIDE0NDAnPjwvc3ZnPg==\" data-srcset=\"https:\/\/parcsaintecroix.com\/wp-content\/uploads\/2024\/07\/logo-2560x1440-bd0c36cdcd66.jpg\" media=\"(min-width: 75rem) and (min-resolution: 192dpi), (min-width: 75rem) and (-webkit-min-device-pixel-ratio: 2)\"><source srcset=\"data:image\/svg+xml;base64,PHN2ZyB4bWxucz0naHR0cDovL3d3dy53My5vcmcvMjAwMC9zdmcnIHk9JzAnIHg9JzAnIHdpZHRoPScxMzQ4JyBoZWlnaHQ9JzgwMCcgdmlld0JveD0nMCAwIDEzNDggODAwJz48L3N2Zz4=\" data-srcset=\"https:\/\/parcsaintecroix.com\/wp-content\/uploads\/2024\/07\/logo-1348x800-7ede2b98e9ec.jpg\" media=\"(min-width: 64rem) and (min-resolution: 192dpi), (min-width: 64rem) and (-webkit-min-device-pixel-ratio: 2)\"><source srcset=\"data:image\/svg+xml;base64,PHN2ZyB4bWxucz0naHR0cDovL3d3dy53My5vcmcvMjAwMC9zdmcnIHk9JzAnIHg9JzAnIHdpZHRoPScyMDQ2JyBoZWlnaHQ9JzEwMDAnIHZpZXdCb3g9JzAgMCAyMDQ2IDEwMDAnPjwvc3ZnPg==\" data-srcset=\"https:\/\/parcsaintecroix.com\/wp-content\/uploads\/2024\/07\/logo-2046x1000-bb7ec63851c5.jpg\" media=\"(min-width: 48rem) and (min-resolution: 192dpi), (min-width: 48rem) and (-webkit-min-device-pixel-ratio: 2)\"><source srcset=\"data:image\/svg+xml;base64,PHN2ZyB4bWxucz0naHR0cDovL3d3dy53My5vcmcvMjAwMC9zdmcnIHk9JzAnIHg9JzAnIHdpZHRoPSc3NTAnIGhlaWdodD0nNDQ0JyB2aWV3Qm94PScwIDAgNzUwIDQ0NCc+PC9zdmc+\" data-srcset=\"https:\/\/parcsaintecroix.com\/wp-content\/uploads\/2024\/07\/logo-750x444-09dfa22551d8.jpg\" media=\"(min-resolution: 192dpi), (-webkit-min-device-pixel-ratio: 2)\"><source srcset=\"data:image\/svg+xml;base64,PHN2ZyB4bWxucz0naHR0cDovL3d3dy53My5vcmcvMjAwMC9zdmcnIHk9JzAnIHg9JzAnIHdpZHRoPScxNjAwJyBoZWlnaHQ9JzkwMCcgdmlld0JveD0nMCAwIDE2MDAgOTAwJz48L3N2Zz4=\" data-srcset=\"https:\/\/parcsaintecroix.com\/wp-content\/uploads\/2024\/07\/logo-1600x900-3a6a75d42fb4.jpg\" media=\"(min-width: 75rem)\"><source srcset=\"data:image\/svg+xml;base64,PHN2ZyB4bWxucz0naHR0cDovL3d3dy53My5vcmcvMjAwMC9zdmcnIHk9JzAnIHg9JzAnIHdpZHRoPSc2NzQnIGhlaWdodD0nNDAwJyB2aWV3Qm94PScwIDAgNjc0IDQwMCc+PC9zdmc+\" data-srcset=\"https:\/\/parcsaintecroix.com\/wp-content\/uploads\/2024\/07\/logo-674x400-c3cd2f7e06f5.jpg\" media=\"(min-width: 64rem)\"><source srcset=\"data:image\/svg+xml;base64,PHN2ZyB4bWxucz0naHR0cDovL3d3dy53My5vcmcvMjAwMC9zdmcnIHk9JzAnIHg9JzAnIHdpZHRoPScxMDIzJyBoZWlnaHQ9JzUwMCcgdmlld0JveD0nMCAwIDEwMjMgNTAwJz48L3N2Zz4=\" data-srcset=\"https:\/\/parcsaintecroix.com\/wp-content\/uploads\/2024\/07\/logo-1023x500-39c01c9212ae.jpg\" media=\"(min-width: 48rem)\"><img loading=\"lazy\" decoding=\"async\" src=\"data:image\/svg+xml;base64,PHN2ZyB4bWxucz0naHR0cDovL3d3dy53My5vcmcvMjAwMC9zdmcnIHk9JzAnIHg9JzAnIHdpZHRoPSczNzUnIGhlaWdodD0nMjIyJyB2aWV3Qm94PScwIDAgMzc1IDIyMic+PC9zdmc+\"  width=\"375\" height=\"222\" data-fade-in data-lazy-img data-src=\"https:\/\/parcsaintecroix.com\/wp-content\/uploads\/2024\/07\/logo-375x222-d2fc0a4f0947.jpg\" alt=\"\" style=\";--aspect-ratio-small: 1.6891891891892;--aspect-ratio-medium: 2.046;--aspect-ratio-large: 1.685;--aspect-ratio-xlarge: 1.7777777777778;--aspect-ratio-retina: 1.6891891891892;--aspect-ratio-medium_retina: 2.046;--aspect-ratio-large_retina: 1.685;--aspect-ratio-xlarge_retina: 1.7777777777778\" data-has-aspect-ratio=\"true\" \/><\/picture>          <\/figure>\n              <\/div>\n\n      <div class=\"cell medium-6 inner-blocks medium-order-2\">\n        <div class=\"text-wrapper\">\n          \n          \n\n<h2 class=\"wp-block-heading\"><strong>Conservatoire d&rsquo;Espaces Naturels de Lorraine<\/strong><\/h2>\n\n\n\n<p>Le <a href=\"https:\/\/www.cen-lorraine.fr\/#\/\">Conservatoire d\u2019Espaces Naturels de Lorraine<\/a> est un partenaire de longue date avec Sainte-Croix afin d\u2019agir ensemble pour la pr\u00e9servation de la biodiversit\u00e9. De cette coop\u00e9ration est n\u00e9 le projet de restauration et de renaturation de l\u2019\u00e9tang des cormorans. Pour mener ce projet, le CENL apporte son soutien technique \u00e0 Sainte-Croix \u00e0 travers des travaux d\u2019entretien  et des travaux de restauration. Ce travail de renaturation permet le retour du sauvage sur les grands espaces naturels du Parc et la cr\u00e9ation d\u2019une voli\u00e8re pour l\u2019accueil d\u2019un couple de <a href=\"https:\/\/parcsaintecroix.com\/fr\/sainte-croix-sengage-pour-le-pygargue-a-queue-blanche\">pygargues \u00e0 queue blanche<\/a>.<\/p>\n\n        <\/div>\n      <\/div>\n    <\/div>\n  <\/div>\n<\/section>\n\n\n<section  class=\"wp-block-acf-text-image-v2 is-style-text-img-v2 alignfull block-index-8 section-content section-text-image-v2\"   itemprop=\"hasPart\" itemscope itemtype=\"https:\/\/schema.org\/WebPageElement\">\n  <div class=\"grid-container full\">\n    <div class=\"grid-x grid-padding-x align-middle\">\n      <div class=\"cell medium-6 cell-image medium-order-2\">\n                  <figure>\n            <picture><source srcset=\"data:image\/svg+xml;base64,PHN2ZyB4bWxucz0naHR0cDovL3d3dy53My5vcmcvMjAwMC9zdmcnIHk9JzAnIHg9JzAnIHdpZHRoPScyNTYwJyBoZWlnaHQ9JzE0NDAnIHZpZXdCb3g9JzAgMCAyNTYwIDE0NDAnPjwvc3ZnPg==\" data-srcset=\"https:\/\/parcsaintecroix.com\/wp-content\/uploads\/2024\/07\/logo-1-2560x1440-bd0c36cdcd66.jpg\" media=\"(min-width: 75rem) and (min-resolution: 192dpi), (min-width: 75rem) and (-webkit-min-device-pixel-ratio: 2)\"><source srcset=\"data:image\/svg+xml;base64,PHN2ZyB4bWxucz0naHR0cDovL3d3dy53My5vcmcvMjAwMC9zdmcnIHk9JzAnIHg9JzAnIHdpZHRoPScxMzQ4JyBoZWlnaHQ9JzgwMCcgdmlld0JveD0nMCAwIDEzNDggODAwJz48L3N2Zz4=\" data-srcset=\"https:\/\/parcsaintecroix.com\/wp-content\/uploads\/2024\/07\/logo-1-1348x800-7ede2b98e9ec.jpg\" media=\"(min-width: 64rem) and (min-resolution: 192dpi), (min-width: 64rem) and (-webkit-min-device-pixel-ratio: 2)\"><source srcset=\"data:image\/svg+xml;base64,PHN2ZyB4bWxucz0naHR0cDovL3d3dy53My5vcmcvMjAwMC9zdmcnIHk9JzAnIHg9JzAnIHdpZHRoPScyMDQ2JyBoZWlnaHQ9JzEwMDAnIHZpZXdCb3g9JzAgMCAyMDQ2IDEwMDAnPjwvc3ZnPg==\" data-srcset=\"https:\/\/parcsaintecroix.com\/wp-content\/uploads\/2024\/07\/logo-1-2046x1000-bb7ec63851c5.jpg\" media=\"(min-width: 48rem) and (min-resolution: 192dpi), (min-width: 48rem) and (-webkit-min-device-pixel-ratio: 2)\"><source srcset=\"data:image\/svg+xml;base64,PHN2ZyB4bWxucz0naHR0cDovL3d3dy53My5vcmcvMjAwMC9zdmcnIHk9JzAnIHg9JzAnIHdpZHRoPSc3NTAnIGhlaWdodD0nNDQ0JyB2aWV3Qm94PScwIDAgNzUwIDQ0NCc+PC9zdmc+\" data-srcset=\"https:\/\/parcsaintecroix.com\/wp-content\/uploads\/2024\/07\/logo-1-750x444-09dfa22551d8.jpg\" media=\"(min-resolution: 192dpi), (-webkit-min-device-pixel-ratio: 2)\"><source srcset=\"data:image\/svg+xml;base64,PHN2ZyB4bWxucz0naHR0cDovL3d3dy53My5vcmcvMjAwMC9zdmcnIHk9JzAnIHg9JzAnIHdpZHRoPScxNjAwJyBoZWlnaHQ9JzkwMCcgdmlld0JveD0nMCAwIDE2MDAgOTAwJz48L3N2Zz4=\" data-srcset=\"https:\/\/parcsaintecroix.com\/wp-content\/uploads\/2024\/07\/logo-1-1600x900-3a6a75d42fb4.jpg\" media=\"(min-width: 75rem)\"><source srcset=\"data:image\/svg+xml;base64,PHN2ZyB4bWxucz0naHR0cDovL3d3dy53My5vcmcvMjAwMC9zdmcnIHk9JzAnIHg9JzAnIHdpZHRoPSc2NzQnIGhlaWdodD0nNDAwJyB2aWV3Qm94PScwIDAgNjc0IDQwMCc+PC9zdmc+\" data-srcset=\"https:\/\/parcsaintecroix.com\/wp-content\/uploads\/2024\/07\/logo-1-674x400-c3cd2f7e06f5.jpg\" media=\"(min-width: 64rem)\"><source srcset=\"data:image\/svg+xml;base64,PHN2ZyB4bWxucz0naHR0cDovL3d3dy53My5vcmcvMjAwMC9zdmcnIHk9JzAnIHg9JzAnIHdpZHRoPScxMDIzJyBoZWlnaHQ9JzUwMCcgdmlld0JveD0nMCAwIDEwMjMgNTAwJz48L3N2Zz4=\" data-srcset=\"https:\/\/parcsaintecroix.com\/wp-content\/uploads\/2024\/07\/logo-1-1023x500-39c01c9212ae.jpg\" media=\"(min-width: 48rem)\"><img loading=\"lazy\" decoding=\"async\" src=\"data:image\/svg+xml;base64,PHN2ZyB4bWxucz0naHR0cDovL3d3dy53My5vcmcvMjAwMC9zdmcnIHk9JzAnIHg9JzAnIHdpZHRoPSczNzUnIGhlaWdodD0nMjIyJyB2aWV3Qm94PScwIDAgMzc1IDIyMic+PC9zdmc+\"  width=\"375\" height=\"222\" data-fade-in data-lazy-img data-src=\"https:\/\/parcsaintecroix.com\/wp-content\/uploads\/2024\/07\/logo-1-375x222-d2fc0a4f0947.jpg\" alt=\"\" style=\";--aspect-ratio-small: 1.6891891891892;--aspect-ratio-medium: 2.046;--aspect-ratio-large: 1.685;--aspect-ratio-xlarge: 1.7777777777778;--aspect-ratio-retina: 1.6891891891892;--aspect-ratio-medium_retina: 2.046;--aspect-ratio-large_retina: 1.685;--aspect-ratio-xlarge_retina: 1.7777777777778\" data-has-aspect-ratio=\"true\" \/><\/picture>          <\/figure>\n              <\/div>\n\n      <div class=\"cell medium-6 inner-blocks medium-order-1\">\n        <div class=\"text-wrapper\">\n          \n          \n\n<h2 class=\"wp-block-heading has-text-align-left\"><strong>Ligue de la Protection des Oiseaux<\/strong><\/h2>\n\n\n\n<p>Le Parc Animalier de Sainte-Croix est fier d&rsquo;\u00eatre le seul Parc zoologique du Grand Est \u00e0 \u00eatre reconnu refuge LPO (<a href=\"https:\/\/www.lpo.fr\/\">Ligue pour la Protection des Oiseaux<\/a>). Ce partenariat souligne l&rsquo;engagement du parc \u00e0 pr\u00e9server et agir pour la biodiversit\u00e9 locale. La LPO accompagne le Parc en fournissant des conseils pr\u00e9cieux sur les gestes \u00e0 adopter pour prot\u00e9ger notre environnement. Ensemble, le Parc Animalier et la LPO \u0153uvrent pour le protection des animaux.<\/p>\n\n        <\/div>\n      <\/div>\n    <\/div>\n  <\/div>\n<\/section>\n\n\n<section  class=\"wp-block-acf-text-image-v2 is-style-text-img-v2 alignfull block-index-11 section-content section-text-image-v2\"   itemprop=\"hasPart\" itemscope itemtype=\"https:\/\/schema.org\/WebPageElement\">\n  <div class=\"grid-container full\">\n    <div class=\"grid-x grid-padding-x align-middle\">\n      <div class=\"cell medium-6 cell-image medium-order-1\">\n                  <figure>\n            <picture><source srcset=\"data:image\/svg+xml;base64,PHN2ZyB4bWxucz0naHR0cDovL3d3dy53My5vcmcvMjAwMC9zdmcnIHk9JzAnIHg9JzAnIHdpZHRoPScyNTYwJyBoZWlnaHQ9JzE0NDAnIHZpZXdCb3g9JzAgMCAyNTYwIDE0NDAnPjwvc3ZnPg==\" data-srcset=\"https:\/\/parcsaintecroix.com\/wp-content\/uploads\/2024\/07\/logo-2-2560x1440-bd0c36cdcd66.jpg\" media=\"(min-width: 75rem) and (min-resolution: 192dpi), (min-width: 75rem) and (-webkit-min-device-pixel-ratio: 2)\"><source srcset=\"data:image\/svg+xml;base64,PHN2ZyB4bWxucz0naHR0cDovL3d3dy53My5vcmcvMjAwMC9zdmcnIHk9JzAnIHg9JzAnIHdpZHRoPScxMzQ4JyBoZWlnaHQ9JzgwMCcgdmlld0JveD0nMCAwIDEzNDggODAwJz48L3N2Zz4=\" data-srcset=\"https:\/\/parcsaintecroix.com\/wp-content\/uploads\/2024\/07\/logo-2-1348x800-7ede2b98e9ec.jpg\" media=\"(min-width: 64rem) and (min-resolution: 192dpi), (min-width: 64rem) and (-webkit-min-device-pixel-ratio: 2)\"><source srcset=\"data:image\/svg+xml;base64,PHN2ZyB4bWxucz0naHR0cDovL3d3dy53My5vcmcvMjAwMC9zdmcnIHk9JzAnIHg9JzAnIHdpZHRoPScyMDQ2JyBoZWlnaHQ9JzEwMDAnIHZpZXdCb3g9JzAgMCAyMDQ2IDEwMDAnPjwvc3ZnPg==\" data-srcset=\"https:\/\/parcsaintecroix.com\/wp-content\/uploads\/2024\/07\/logo-2-2046x1000-bb7ec63851c5.jpg\" media=\"(min-width: 48rem) and (min-resolution: 192dpi), (min-width: 48rem) and (-webkit-min-device-pixel-ratio: 2)\"><source srcset=\"data:image\/svg+xml;base64,PHN2ZyB4bWxucz0naHR0cDovL3d3dy53My5vcmcvMjAwMC9zdmcnIHk9JzAnIHg9JzAnIHdpZHRoPSc3NTAnIGhlaWdodD0nNDQ0JyB2aWV3Qm94PScwIDAgNzUwIDQ0NCc+PC9zdmc+\" data-srcset=\"https:\/\/parcsaintecroix.com\/wp-content\/uploads\/2024\/07\/logo-2-750x444-09dfa22551d8.jpg\" media=\"(min-resolution: 192dpi), (-webkit-min-device-pixel-ratio: 2)\"><source srcset=\"data:image\/svg+xml;base64,PHN2ZyB4bWxucz0naHR0cDovL3d3dy53My5vcmcvMjAwMC9zdmcnIHk9JzAnIHg9JzAnIHdpZHRoPScxNjAwJyBoZWlnaHQ9JzkwMCcgdmlld0JveD0nMCAwIDE2MDAgOTAwJz48L3N2Zz4=\" data-srcset=\"https:\/\/parcsaintecroix.com\/wp-content\/uploads\/2024\/07\/logo-2-1600x900-3a6a75d42fb4.jpg\" media=\"(min-width: 75rem)\"><source srcset=\"data:image\/svg+xml;base64,PHN2ZyB4bWxucz0naHR0cDovL3d3dy53My5vcmcvMjAwMC9zdmcnIHk9JzAnIHg9JzAnIHdpZHRoPSc2NzQnIGhlaWdodD0nNDAwJyB2aWV3Qm94PScwIDAgNjc0IDQwMCc+PC9zdmc+\" data-srcset=\"https:\/\/parcsaintecroix.com\/wp-content\/uploads\/2024\/07\/logo-2-674x400-c3cd2f7e06f5.jpg\" media=\"(min-width: 64rem)\"><source srcset=\"data:image\/svg+xml;base64,PHN2ZyB4bWxucz0naHR0cDovL3d3dy53My5vcmcvMjAwMC9zdmcnIHk9JzAnIHg9JzAnIHdpZHRoPScxMDIzJyBoZWlnaHQ9JzUwMCcgdmlld0JveD0nMCAwIDEwMjMgNTAwJz48L3N2Zz4=\" data-srcset=\"https:\/\/parcsaintecroix.com\/wp-content\/uploads\/2024\/07\/logo-2-1023x500-39c01c9212ae.jpg\" media=\"(min-width: 48rem)\"><img loading=\"lazy\" decoding=\"async\" src=\"data:image\/svg+xml;base64,PHN2ZyB4bWxucz0naHR0cDovL3d3dy53My5vcmcvMjAwMC9zdmcnIHk9JzAnIHg9JzAnIHdpZHRoPSczNzUnIGhlaWdodD0nMjIyJyB2aWV3Qm94PScwIDAgMzc1IDIyMic+PC9zdmc+\"  width=\"375\" height=\"222\" data-fade-in data-lazy-img data-src=\"https:\/\/parcsaintecroix.com\/wp-content\/uploads\/2024\/07\/logo-2-375x222-d2fc0a4f0947.jpg\" alt=\"\" style=\";--aspect-ratio-small: 1.6891891891892;--aspect-ratio-medium: 2.046;--aspect-ratio-large: 1.685;--aspect-ratio-xlarge: 1.7777777777778;--aspect-ratio-retina: 1.6891891891892;--aspect-ratio-medium_retina: 2.046;--aspect-ratio-large_retina: 1.685;--aspect-ratio-xlarge_retina: 1.7777777777778\" data-has-aspect-ratio=\"true\" \/><\/picture>          <\/figure>\n              <\/div>\n\n      <div class=\"cell medium-6 inner-blocks medium-order-2\">\n        <div class=\"text-wrapper\">\n          \n          \n\n<h2 class=\"wp-block-heading has-text-align-left\"><strong>Collectif Biodiversit\u00e9 du Grand Est et l&rsquo;Institut Europ\u00e9en d&rsquo;Ecologie<\/strong><\/h2>\n\n\n\n<p>Sainte-Croix travaille en \u00e9troite collaboration avec Le <a href=\"https:\/\/biodiversite.grandest.fr\/lecosysteme-regional\/collectif-regional-biodiversite\/\">Collectif Biodiversit\u00e9 du Grand Est<\/a> et l\u2019<a href=\"https:\/\/www.instituteuropeenecologie.fr\/\">Institut Europ\u00e9en de l&rsquo;\u00c9cologie<\/a> . Cela a men\u00e9 notamment \u00e0 la cr\u00e9ation et l\u2019organisation des \u00a0\u00bb Entretiens de la Biodiversit\u00e9 du Grand Est\u00a0\u00bb. Chaque ann\u00e9e, cet \u00e9v\u00e9nement rassemble experts, passionn\u00e9s et grand public pour discuter des enjeux actuels de la biodiversit\u00e9 et partager des solutions concr\u00e8tes. <\/p>\n\n        <\/div>\n      <\/div>\n    <\/div>\n  <\/div>\n<\/section>\n","protected":false},"excerpt":{"rendered":"","protected":false},"author":1,"featured_media":0,"parent":24,"menu_order":3,"comment_status":"closed","ping_status":"closed","template":"","meta":{"_acf_changed":false,"_themeisle_gutenberg_block_has_review":false,"footnotes":""},"class_list":["post-3435","page","type-page","status-publish","hentry"],"acf":[],"yoast_head":"<!-- This site is optimized with the Yoast SEO plugin v27.3 - https:\/\/yoast.com\/product\/yoast-seo-wordpress\/ -->\n<title>Nos actions de conservation | Parc Animalier Sainte-Croix<\/title>\n<meta name=\"description\" content=\"Depuis sa cr\u00e9ation, le Parc Animalier de Sainte-Croix est engag\u00e9 en faveur de la conservation in tu et ex situ \u00e0 travers de nombreux programmes et actions.\" \/>\n<meta name=\"robots\" content=\"index, follow, max-snippet:-1, max-image-preview:large, max-video-preview:-1\" \/>\n<link rel=\"canonical\" href=\"https:\/\/parcsaintecroix.com\/fr\/engagez-vous\/collaborer\" \/>\n<meta property=\"og:locale\" content=\"fr_FR\" \/>\n<meta property=\"og:type\" content=\"article\" \/>\n<meta property=\"og:title\" content=\"Nos actions de conservation | Parc Animalier Sainte-Croix\" \/>\n<meta property=\"og:description\" content=\"Depuis sa cr\u00e9ation, le Parc Animalier de Sainte-Croix est engag\u00e9 en faveur de la conservation in tu et ex situ \u00e0 travers de nombreux programmes et actions.\" \/>\n<meta property=\"og:url\" content=\"https:\/\/parcsaintecroix.com\/fr\/engagez-vous\/collaborer\" \/>\n<meta property=\"og:site_name\" content=\"Parc de Saint Croix\" \/>\n<meta property=\"article:publisher\" content=\"https:\/\/www.facebook.com\/LodgesSainteCroix\/\" \/>\n<meta property=\"article:modified_time\" content=\"2024-07-12T12:21:10+00:00\" \/>\n<meta name=\"twitter:card\" content=\"summary_large_image\" \/>\n<meta name=\"twitter:site\" content=\"@parc_stecroix\" \/>\n<meta name=\"twitter:label1\" content=\"Dur\u00e9e de lecture estim\u00e9e\" \/>\n\t<meta name=\"twitter:data1\" content=\"2 minutes\" \/>\n<script type=\"application\/ld+json\" class=\"yoast-schema-graph\">{\"@context\":\"https:\\\/\\\/schema.org\",\"@graph\":[{\"@type\":\"WebPage\",\"@id\":\"https:\\\/\\\/parcsaintecroix.com\\\/fr\\\/engagez-vous\\\/collaborer\",\"url\":\"https:\\\/\\\/parcsaintecroix.com\\\/fr\\\/engagez-vous\\\/collaborer\",\"name\":\"Nos actions de conservation | Parc Animalier Sainte-Croix\",\"isPartOf\":{\"@id\":\"https:\\\/\\\/parcsaintecroix.com\\\/fr\\\/#website\"},\"datePublished\":\"2022-09-06T10:41:29+00:00\",\"dateModified\":\"2024-07-12T12:21:10+00:00\",\"description\":\"Depuis sa cr\u00e9ation, le Parc Animalier de Sainte-Croix est engag\u00e9 en faveur de la conservation in tu et ex situ \u00e0 travers de nombreux programmes et actions.\",\"breadcrumb\":{\"@id\":\"https:\\\/\\\/parcsaintecroix.com\\\/fr\\\/engagez-vous\\\/collaborer#breadcrumb\"},\"inLanguage\":\"fr-FR\",\"potentialAction\":[{\"@type\":\"ReadAction\",\"target\":[\"https:\\\/\\\/parcsaintecroix.com\\\/fr\\\/engagez-vous\\\/collaborer\"]}]},{\"@type\":\"BreadcrumbList\",\"@id\":\"https:\\\/\\\/parcsaintecroix.com\\\/fr\\\/engagez-vous\\\/collaborer#breadcrumb\",\"itemListElement\":[{\"@type\":\"ListItem\",\"position\":1,\"name\":\"Accueil\",\"item\":\"https:\\\/\\\/parcsaintecroix.com\\\/fr\"},{\"@type\":\"ListItem\",\"position\":2,\"name\":\"Engagez-vous\",\"item\":\"https:\\\/\\\/parcsaintecroix.com\\\/fr\\\/engagez-vous\"},{\"@type\":\"ListItem\",\"position\":3,\"name\":\"Collaborer pour la biodiversit\u00e9\"}]},{\"@type\":\"WebSite\",\"@id\":\"https:\\\/\\\/parcsaintecroix.com\\\/fr\\\/#website\",\"url\":\"https:\\\/\\\/parcsaintecroix.com\\\/fr\\\/\",\"name\":\"Parc de Saint Croix\",\"description\":\"\",\"publisher\":{\"@id\":\"https:\\\/\\\/parcsaintecroix.com\\\/fr\\\/#organization\"},\"inLanguage\":\"fr-FR\"},{\"@type\":\"Organization\",\"@id\":\"https:\\\/\\\/parcsaintecroix.com\\\/fr\\\/#organization\",\"name\":\"Parc de Saint Croix\",\"url\":\"https:\\\/\\\/parcsaintecroix.com\\\/fr\\\/\",\"logo\":{\"@type\":\"ImageObject\",\"inLanguage\":\"fr-FR\",\"@id\":\"https:\\\/\\\/parcsaintecroix.com\\\/fr\\\/#\\\/schema\\\/logo\\\/image\\\/\",\"url\":\"https:\\\/\\\/parcsaintecroix.com\\\/wp-content\\\/uploads\\\/2022\\\/09\\\/SainteCroix-Favicon.png\",\"contentUrl\":\"https:\\\/\\\/parcsaintecroix.com\\\/wp-content\\\/uploads\\\/2022\\\/09\\\/SainteCroix-Favicon.png\",\"width\":512,\"height\":512,\"caption\":\"Parc de Saint Croix\"},\"image\":{\"@id\":\"https:\\\/\\\/parcsaintecroix.com\\\/fr\\\/#\\\/schema\\\/logo\\\/image\\\/\"},\"sameAs\":[\"https:\\\/\\\/www.facebook.com\\\/LodgesSainteCroix\\\/\",\"https:\\\/\\\/x.com\\\/parc_stecroix\"]}]}<\/script>\n<!-- \/ Yoast SEO plugin. -->","yoast_head_json":{"title":"Nos actions de conservation | Parc Animalier Sainte-Croix","description":"Depuis sa cr\u00e9ation, le Parc Animalier de Sainte-Croix est engag\u00e9 en faveur de la conservation in tu et ex situ \u00e0 travers de nombreux programmes et actions.","robots":{"index":"index","follow":"follow","max-snippet":"max-snippet:-1","max-image-preview":"max-image-preview:large","max-video-preview":"max-video-preview:-1"},"canonical":"https:\/\/parcsaintecroix.com\/fr\/engagez-vous\/collaborer","og_locale":"fr_FR","og_type":"article","og_title":"Nos actions de conservation | Parc Animalier Sainte-Croix","og_description":"Depuis sa cr\u00e9ation, le Parc Animalier de Sainte-Croix est engag\u00e9 en faveur de la conservation in tu et ex situ \u00e0 travers de nombreux programmes et actions.","og_url":"https:\/\/parcsaintecroix.com\/fr\/engagez-vous\/collaborer","og_site_name":"Parc de Saint Croix","article_publisher":"https:\/\/www.facebook.com\/LodgesSainteCroix\/","article_modified_time":"2024-07-12T12:21:10+00:00","twitter_card":"summary_large_image","twitter_site":"@parc_stecroix","twitter_misc":{"Dur\u00e9e de lecture estim\u00e9e":"2 minutes"},"schema":{"@context":"https:\/\/schema.org","@graph":[{"@type":"WebPage","@id":"https:\/\/parcsaintecroix.com\/fr\/engagez-vous\/collaborer","url":"https:\/\/parcsaintecroix.com\/fr\/engagez-vous\/collaborer","name":"Nos actions de conservation | Parc Animalier Sainte-Croix","isPartOf":{"@id":"https:\/\/parcsaintecroix.com\/fr\/#website"},"datePublished":"2022-09-06T10:41:29+00:00","dateModified":"2024-07-12T12:21:10+00:00","description":"Depuis sa cr\u00e9ation, le Parc Animalier de Sainte-Croix est engag\u00e9 en faveur de la conservation in tu et ex situ \u00e0 travers de nombreux programmes et actions.","breadcrumb":{"@id":"https:\/\/parcsaintecroix.com\/fr\/engagez-vous\/collaborer#breadcrumb"},"inLanguage":"fr-FR","potentialAction":[{"@type":"ReadAction","target":["https:\/\/parcsaintecroix.com\/fr\/engagez-vous\/collaborer"]}]},{"@type":"BreadcrumbList","@id":"https:\/\/parcsaintecroix.com\/fr\/engagez-vous\/collaborer#breadcrumb","itemListElement":[{"@type":"ListItem","position":1,"name":"Accueil","item":"https:\/\/parcsaintecroix.com\/fr"},{"@type":"ListItem","position":2,"name":"Engagez-vous","item":"https:\/\/parcsaintecroix.com\/fr\/engagez-vous"},{"@type":"ListItem","position":3,"name":"Collaborer pour la biodiversit\u00e9"}]},{"@type":"WebSite","@id":"https:\/\/parcsaintecroix.com\/fr\/#website","url":"https:\/\/parcsaintecroix.com\/fr\/","name":"Parc de Saint Croix","description":"","publisher":{"@id":"https:\/\/parcsaintecroix.com\/fr\/#organization"},"inLanguage":"fr-FR"},{"@type":"Organization","@id":"https:\/\/parcsaintecroix.com\/fr\/#organization","name":"Parc de Saint Croix","url":"https:\/\/parcsaintecroix.com\/fr\/","logo":{"@type":"ImageObject","inLanguage":"fr-FR","@id":"https:\/\/parcsaintecroix.com\/fr\/#\/schema\/logo\/image\/","url":"https:\/\/parcsaintecroix.com\/wp-content\/uploads\/2022\/09\/SainteCroix-Favicon.png","contentUrl":"https:\/\/parcsaintecroix.com\/wp-content\/uploads\/2022\/09\/SainteCroix-Favicon.png","width":512,"height":512,"caption":"Parc de Saint Croix"},"image":{"@id":"https:\/\/parcsaintecroix.com\/fr\/#\/schema\/logo\/image\/"},"sameAs":["https:\/\/www.facebook.com\/LodgesSainteCroix\/","https:\/\/x.com\/parc_stecroix"]}]}},"_links":{"self":[{"href":"https:\/\/parcsaintecroix.com\/fr\/wp-json\/wp\/v2\/pages\/3435","targetHints":{"allow":["GET"]}}],"collection":[{"href":"https:\/\/parcsaintecroix.com\/fr\/wp-json\/wp\/v2\/pages"}],"about":[{"href":"https:\/\/parcsaintecroix.com\/fr\/wp-json\/wp\/v2\/types\/page"}],"author":[{"embeddable":true,"href":"https:\/\/parcsaintecroix.com\/fr\/wp-json\/wp\/v2\/users\/1"}],"replies":[{"embeddable":true,"href":"https:\/\/parcsaintecroix.com\/fr\/wp-json\/wp\/v2\/comments?post=3435"}],"version-history":[{"count":15,"href":"https:\/\/parcsaintecroix.com\/fr\/wp-json\/wp\/v2\/pages\/3435\/revisions"}],"predecessor-version":[{"id":30599,"href":"https:\/\/parcsaintecroix.com\/fr\/wp-json\/wp\/v2\/pages\/3435\/revisions\/30599"}],"up":[{"embeddable":true,"href":"https:\/\/parcsaintecroix.com\/fr\/wp-json\/wp\/v2\/pages\/24"}],"wp:attachment":[{"href":"https:\/\/parcsaintecroix.com\/fr\/wp-json\/wp\/v2\/media?parent=3435"}],"curies":[{"name":"wp","href":"https:\/\/api.w.org\/{rel}","templated":true}]}}